{"id":20,"date":"2025-02-18T16:36:52","date_gmt":"2025-02-18T16:36:52","guid":{"rendered":"https:\/\/arvaingenieros.com\/?page_id=20"},"modified":"2025-09-16T00:06:58","modified_gmt":"2025-09-16T00:06:58","slug":"nuestra-historia","status":"publish","type":"page","link":"https:\/\/arvaingenieros.com\/?page_id=20","title":{"rendered":"Nuestra historia"},"content":{"rendered":"\t\t<div data-elementor-type=\"wp-page\" data-elementor-id=\"20\" class=\"elementor elementor-20\" data-elementor-post-type=\"page\">\n\t\t\t\t<div class=\"elementor-element elementor-element-54f168 e-con-full e-flex e-con e-parent\" data-id=\"54f168\" data-element_type=\"container\" data-e-type=\"container\">\n\t\t<div class=\"elementor-element elementor-element-7b3cf079 e-con-full e-flex e-con e-child\" data-id=\"7b3cf079\" data-element_type=\"container\" data-e-type=\"container\" data-settings=\"{&quot;background_background&quot;:&quot;classic&quot;}\">\n\t\t\t\t<\/div>\n\t\t<div class=\"elementor-element elementor-element-7a560d0d e-con-full e-flex e-con e-child\" data-id=\"7a560d0d\" data-element_type=\"container\" data-e-type=\"container\">\n\t\t\t\t<div class=\"elementor-element elementor-element-4ce1fca4 elementor-widget elementor-widget-heading\" data-id=\"4ce1fca4\" data-element_type=\"widget\" data-e-type=\"widget\" data-widget_type=\"heading.default\">\n\t\t\t\t<div class=\"elementor-widget-container\">\n\t\t\t\t\t<h6 class=\"elementor-heading-title elementor-size-default\">Conoce nuestra historia<\/h6>\t\t\t\t<\/div>\n\t\t\t\t<\/div>\n\t\t\t\t<div class=\"elementor-element elementor-element-5df23352 elementor-widget elementor-widget-heading\" data-id=\"5df23352\" data-element_type=\"widget\" data-e-type=\"widget\" data-widget_type=\"heading.default\">\n\t\t\t\t<div class=\"elementor-widget-container\">\n\t\t\t\t\t<h1 class=\"elementor-heading-title elementor-size-default\">30 A\u00f1os de experiencia en el sector<\/h1>\t\t\t\t<\/div>\n\t\t\t\t<\/div>\n\t\t\t\t<div class=\"elementor-element elementor-element-159763af elementor-invisible elementor-widget elementor-widget-text-editor\" data-id=\"159763af\" data-element_type=\"widget\" data-e-type=\"widget\" data-settings=\"{&quot;_animation&quot;:&quot;fadeIn&quot;,&quot;_animation_delay&quot;:400}\" data-widget_type=\"text-editor.default\">\n\t\t\t\t<div class=\"elementor-widget-container\">\n\t\t\t\t\t\t\t\t\t<p><strong>ARVA INGENIEROS SAC<\/strong>&nbsp;naci\u00f3 para ofrecer soluciones integrales en miner\u00eda subterr\u00e1nea. Nos especializamos en alquiler, reparaci\u00f3n y fabricaci\u00f3n de equipos, siempre comprometidos con la calidad, seguridad e innovaci\u00f3n. Hoy, somos l\u00edderes y aliados estrat\u00e9gicos de la industria minera.<\/p>\t\t\t\t\t\t\t\t<\/div>\n\t\t\t\t<\/div>\n\t\t\t\t<\/div>\n\t\t\t\t<\/div>\n\t\t<div class=\"elementor-element elementor-element-2cb206cf e-con-full e-flex e-con e-parent\" data-id=\"2cb206cf\" data-element_type=\"container\" data-e-type=\"container\">\n\t\t<div class=\"elementor-element elementor-element-1c058b0 e-con-full e-flex e-con e-child\" data-id=\"1c058b0\" data-element_type=\"container\" data-e-type=\"container\">\n\t\t\t\t<div class=\"elementor-element elementor-element-56ea831d elementor-widget elementor-widget-heading\" data-id=\"56ea831d\" data-element_type=\"widget\" data-e-type=\"widget\" data-widget_type=\"heading.default\">\n\t\t\t\t<div class=\"elementor-widget-container\">\n\t\t\t\t\t<h2 class=\"elementor-heading-title elementor-size-default\">Nuestra Misi\u00f3n<\/h2>\t\t\t\t<\/div>\n\t\t\t\t<\/div>\n\t\t\t\t<div class=\"elementor-element elementor-element-62e5d540 elementor-widget__width-initial elementor-widget-mobile__width-inherit elementor-widget elementor-widget-text-editor\" data-id=\"62e5d540\" data-element_type=\"widget\" data-e-type=\"widget\" data-widget_type=\"text-editor.default\">\n\t\t\t\t<div class=\"elementor-widget-container\">\n\t\t\t\t\t\t\t\t\t<p>Ser un aliado estrat\u00e9gico de nuestros clientes, ofreciendo alternativas de soluci\u00f3n confiables para sus requerimientos, garantizando altos est\u00e1ndares de calidad.<\/p>\t\t\t\t\t\t\t\t<\/div>\n\t\t\t\t<\/div>\n\t\t\t\t<\/div>\n\t\t<div class=\"elementor-element elementor-element-1709843a e-con-full e-flex e-con e-child\" data-id=\"1709843a\" data-element_type=\"container\" data-e-type=\"container\" data-settings=\"{&quot;background_background&quot;:&quot;classic&quot;}\">\n\t\t\t\t<div class=\"elementor-element elementor-element-1ea17c3a elementor-widget elementor-widget-image\" data-id=\"1ea17c3a\" data-element_type=\"widget\" data-e-type=\"widget\" data-widget_type=\"image.default\">\n\t\t\t\t<div class=\"elementor-widget-container\">\n\t\t\t\t\t\t\t\t\t\t\t\t\t\t\t<img fetchpriority=\"high\" decoding=\"async\" width=\"1200\" height=\"1200\" src=\"https:\/\/arvaingenieros.com\/wp-content\/uploads\/2025\/02\/aliados1.png\" class=\"attachment-full size-full wp-image-106\" alt=\"\" srcset=\"https:\/\/arvaingenieros.com\/wp-content\/uploads\/2025\/02\/aliados1.png 1200w, https:\/\/arvaingenieros.com\/wp-content\/uploads\/2025\/02\/aliados1-300x300.png 300w, https:\/\/arvaingenieros.com\/wp-content\/uploads\/2025\/02\/aliados1-1024x1024.png 1024w, https:\/\/arvaingenieros.com\/wp-content\/uploads\/2025\/02\/aliados1-150x150.png 150w, https:\/\/arvaingenieros.com\/wp-content\/uploads\/2025\/02\/aliados1-768x768.png 768w\" sizes=\"(max-width: 1200px) 100vw, 1200px\" \/>\t\t\t\t\t\t\t\t\t\t\t\t\t\t\t<\/div>\n\t\t\t\t<\/div>\n\t\t\t\t<div class=\"elementor-element elementor-element-1d9183a9 elementor-widget elementor-widget-image\" data-id=\"1d9183a9\" data-element_type=\"widget\" data-e-type=\"widget\" data-widget_type=\"image.default\">\n\t\t\t\t<div class=\"elementor-widget-container\">\n\t\t\t\t\t\t\t\t\t\t\t\t\t\t\t<img decoding=\"async\" src=\"https:\/\/arvaingenieros.com\/wp-content\/uploads\/elementor\/thumbs\/aliados2-r1pp9aas8fttpd8ku5jlcvnrh17cq4j7jk6slup6qg.png\" title=\"aliados2\" alt=\"aliados2\" loading=\"lazy\" \/>\t\t\t\t\t\t\t\t\t\t\t\t\t\t\t<\/div>\n\t\t\t\t<\/div>\n\t\t\t\t<\/div>\n\t\t\t\t<\/div>\n\t\t<div class=\"elementor-element elementor-element-2c2193a6 e-con-full e-flex e-con e-parent\" data-id=\"2c2193a6\" data-element_type=\"container\" data-e-type=\"container\">\n\t\t<div class=\"elementor-element elementor-element-455299de e-con-full e-flex e-con e-child\" data-id=\"455299de\" data-element_type=\"container\" data-e-type=\"container\">\n\t\t\t\t<div class=\"elementor-element elementor-element-f569d9e elementor-widget elementor-widget-heading\" data-id=\"f569d9e\" data-element_type=\"widget\" data-e-type=\"widget\" data-widget_type=\"heading.default\">\n\t\t\t\t<div class=\"elementor-widget-container\">\n\t\t\t\t\t<h2 class=\"elementor-heading-title elementor-size-default\">Nuestra visi\u00f3n<\/h2>\t\t\t\t<\/div>\n\t\t\t\t<\/div>\n\t\t\t\t<div class=\"elementor-element elementor-element-3d807235 elementor-widget__width-initial elementor-widget-mobile__width-inherit elementor-widget elementor-widget-text-editor\" data-id=\"3d807235\" data-element_type=\"widget\" data-e-type=\"widget\" data-widget_type=\"text-editor.default\">\n\t\t\t\t<div class=\"elementor-widget-container\">\n\t\t\t\t\t\t\t\t\t<p class=\"p1\">Ser una empresa l\u00edder en el alquiler de maquinaria para miner\u00eda subterr\u00e1nea, fabricaci\u00f3n y reparaci\u00f3n de cucharones y tolvas.<\/p>\t\t\t\t\t\t\t\t<\/div>\n\t\t\t\t<\/div>\n\t\t\t\t<\/div>\n\t\t<div class=\"elementor-element elementor-element-3e4c7207 e-con-full e-flex e-con e-child\" data-id=\"3e4c7207\" data-element_type=\"container\" data-e-type=\"container\" data-settings=\"{&quot;background_background&quot;:&quot;classic&quot;}\">\n\t\t\t\t<div class=\"elementor-element elementor-element-7c4c94ea elementor-widget elementor-widget-image\" data-id=\"7c4c94ea\" data-element_type=\"widget\" data-e-type=\"widget\" data-widget_type=\"image.default\">\n\t\t\t\t<div class=\"elementor-widget-container\">\n\t\t\t\t\t\t\t\t\t\t\t\t\t\t\t<img decoding=\"async\" width=\"1200\" height=\"1200\" src=\"https:\/\/arvaingenieros.com\/wp-content\/uploads\/2025\/02\/vision1.png\" class=\"attachment-full size-full wp-image-108\" alt=\"\" srcset=\"https:\/\/arvaingenieros.com\/wp-content\/uploads\/2025\/02\/vision1.png 1200w, https:\/\/arvaingenieros.com\/wp-content\/uploads\/2025\/02\/vision1-300x300.png 300w, https:\/\/arvaingenieros.com\/wp-content\/uploads\/2025\/02\/vision1-1024x1024.png 1024w, https:\/\/arvaingenieros.com\/wp-content\/uploads\/2025\/02\/vision1-150x150.png 150w, https:\/\/arvaingenieros.com\/wp-content\/uploads\/2025\/02\/vision1-768x768.png 768w\" sizes=\"(max-width: 1200px) 100vw, 1200px\" \/>\t\t\t\t\t\t\t\t\t\t\t\t\t\t\t<\/div>\n\t\t\t\t<\/div>\n\t\t\t\t<div class=\"elementor-element elementor-element-f2c0fce elementor-widget elementor-widget-image\" data-id=\"f2c0fce\" data-element_type=\"widget\" data-e-type=\"widget\" data-widget_type=\"image.default\">\n\t\t\t\t<div class=\"elementor-widget-container\">\n\t\t\t\t\t\t\t\t\t\t\t\t<figure class=\"wp-caption\">\n\t\t\t\t\t\t\t\t\t\t<img decoding=\"async\" src=\"https:\/\/arvaingenieros.com\/wp-content\/uploads\/elementor\/thumbs\/vision2-r1ppaxim702w0suk8d537ypswb3h722arpadua9dug.png\" title=\"vision2\" alt=\"vision2\" loading=\"lazy\" \/>\t\t\t\t\t\t\t\t\t\t\t<figcaption class=\"widget-image-caption wp-caption-text\"><\/figcaption>\n\t\t\t\t\t\t\t\t\t\t<\/figure>\n\t\t\t\t\t\t\t\t\t<\/div>\n\t\t\t\t<\/div>\n\t\t\t\t<\/div>\n\t\t\t\t<\/div>\n\t\t<div class=\"elementor-element elementor-element-c8ffe72 e-flex e-con-boxed e-con e-parent\" data-id=\"c8ffe72\" data-element_type=\"container\" data-e-type=\"container\">\n\t\t\t\t\t<div class=\"e-con-inner\">\n\t\t\t\t<div class=\"elementor-element elementor-element-d3f19e7 elementor-cta--layout-image-right elementor-cta--valign-middle elementor-cta--mobile-layout-image-above elementor-widget__width-initial elementor-widget-tablet__width-inherit elementor-cta--skin-classic elementor-animated-content elementor-bg-transform elementor-bg-transform-zoom-in elementor-widget elementor-widget-call-to-action\" data-id=\"d3f19e7\" data-element_type=\"widget\" data-e-type=\"widget\" data-widget_type=\"call-to-action.default\">\n\t\t\t\t<div class=\"elementor-widget-container\">\n\t\t\t\t\t\t\t<div class=\"elementor-cta\">\n\t\t\t\t\t\t\t<div class=\"elementor-cta__content\">\n\t\t\t\t\n\t\t\t\t\t\t\t\t\t<h2 class=\"elementor-cta__title elementor-cta__content-item elementor-content-item\">\n\t\t\t\t\t\tCont\u00e1ctanos\t\t\t\t\t<\/h2>\n\t\t\t\t\n\t\t\t\t\t\t\t\t\t<div class=\"elementor-cta__description elementor-cta__content-item elementor-content-item\">\n\t\t\t\t\t\t\u00bfInteresado en nuestros servicios? Dale click a contactar y conversemos.\t\t\t\t\t<\/div>\n\t\t\t\t\n\t\t\t\t\t\t\t\t\t<div class=\"elementor-cta__button-wrapper elementor-cta__content-item elementor-content-item \">\n\t\t\t\t\t<a class=\"elementor-cta__button elementor-button elementor-size-md\" href=\"https:\/\/arvaingenieros.com\/?page_id=26\">\n\t\t\t\t\t\tContactar\t\t\t\t\t<\/a>\n\t\t\t\t\t<\/div>\n\t\t\t\t\t\t\t<\/div>\n\t\t\t\t\t\t<\/div>\n\t\t\t\t\t\t<\/div>\n\t\t\t\t<\/div>\n\t\t\t\t\t<\/div>\n\t\t\t\t<\/div>\n\t\t\t\t<\/div>\n\t\t","protected":false},"excerpt":{"rendered":"<p>Conoce nuestra historia 30 A\u00f1os de experiencia en el sector ARVA INGENIEROS SAC&nbsp;naci\u00f3 para ofrecer soluciones integrales en miner\u00eda subterr\u00e1nea. Nos especializamos en alquiler, reparaci\u00f3n y fabricaci\u00f3n de equipos, siempre comprometidos con la calidad, seguridad e innovaci\u00f3n. Hoy, somos l\u00edderes y aliados estrat\u00e9gicos de la industria minera. Nuestra Misi\u00f3n Ser un aliado estrat\u00e9gico de nuestros [&hellip;]<\/p>\n","protected":false},"author":1,"featured_media":0,"parent":0,"menu_order":0,"comment_status":"closed","ping_status":"closed","template":"elementor_header_footer","meta":{"_monsterinsights_skip_tracking":false,"_monsterinsights_sitenote_active":false,"_monsterinsights_sitenote_note":"","_monsterinsights_sitenote_category":0,"footnotes":""},"class_list":["post-20","page","type-page","status-publish","hentry"],"_links":{"self":[{"href":"https:\/\/arvaingenieros.com\/index.php?rest_route=\/wp\/v2\/pages\/20","targetHints":{"allow":["GET"]}}],"collection":[{"href":"https:\/\/arvaingenieros.com\/index.php?rest_route=\/wp\/v2\/pages"}],"about":[{"href":"https:\/\/arvaingenieros.com\/index.php?rest_route=\/wp\/v2\/types\/page"}],"author":[{"embeddable":true,"href":"https:\/\/arvaingenieros.com\/index.php?rest_route=\/wp\/v2\/users\/1"}],"replies":[{"embeddable":true,"href":"https:\/\/arvaingenieros.com\/index.php?rest_route=%2Fwp%2Fv2%2Fcomments&post=20"}],"version-history":[{"count":5,"href":"https:\/\/arvaingenieros.com\/index.php?rest_route=\/wp\/v2\/pages\/20\/revisions"}],"predecessor-version":[{"id":219,"href":"https:\/\/arvaingenieros.com\/index.php?rest_route=\/wp\/v2\/pages\/20\/revisions\/219"}],"wp:attachment":[{"href":"https:\/\/arvaingenieros.com\/index.php?rest_route=%2Fwp%2Fv2%2Fmedia&parent=20"}],"curies":[{"name":"wp","href":"https:\/\/api.w.org\/{rel}","templated":true}]}}